{"id":6,"date":"2012-10-26T06:29:04","date_gmt":"2012-10-26T04:29:04","guid":{"rendered":"http:\/\/www.unternehmensberatung-langer.de\/?page_id=6"},"modified":"2013-03-20T18:46:52","modified_gmt":"2013-03-20T16:46:52","slug":"unternehmen","status":"publish","type":"page","link":"https:\/\/www.ublanger.de\/?page_id=6","title":{"rendered":"Unternehmen"},"content":{"rendered":"<h1>Die Unternehmensberatung Langer GmbH<\/h1>\n<p>Seit \u00fcber 20 Jahren steht die Unternehmensberatung Langer GmbH f\u00fcr umfassende betriebswirtschaftliche Beratung, umsetzungsorientierte Planung sowie partnerschaftliche Begleitung in allen kaufm\u00e4nnischen und personalrelevanten Angelegenheiten.Gemeinsam mit unseren Kunden schaffen wir die Basis f\u00fcr profitables Unternehmenswachstum.<\/p>\n<p>Am 01.07.1991 gr\u00fcndete Frau Langer-Weidner mit einem Partner die Beratungsgesellschaft. Seit 1997 f\u00fchrt die Gesch\u00e4ftsf\u00fchrerin der Unternehmensberatung die Firma als gesch\u00e4ftsf\u00fchrende Gesellschafterin allein weiter.<\/p>\n<p>Durch jahrelange und vertrauensvolle Zusammenarbeit ist ein umfangreiches Netzwerk entstanden. Durch st\u00e4ndige Weiterbildung und Referenzen sind alle Berater der Firma bei der KfW, SAB, IHK, Handwerkskammer und dem RKW als gelisteter Berater im Einsatz. Unter den jeweiligen Kooperationspartnern k\u00f6nnen Referenzen durch Sie abgerufen werden.<\/p>\n","protected":false},"excerpt":{"rendered":"<p>Die Unternehmensberatung Langer GmbH Seit \u00fcber 20 Jahren steht die Unternehmensberatung Langer GmbH f\u00fcr umfassende betriebswirtschaftliche Beratung, umsetzungsorientierte Planung sowie partnerschaftliche Begleitung in allen kaufm\u00e4nnischen und personalrelevanten Angelegenheiten.Gemeinsam mit unseren Kunden schaffen wir die Basis f\u00fcr profitables Unternehmenswachstum. Am 01.07.1991 gr\u00fcndete Frau Langer-Weidner mit einem Partner die Beratungsgesellschaft. Seit 1997 f\u00fchrt die Gesch\u00e4ftsf\u00fchrerin der Unternehmensberatung [&hellip;]<\/p>\n","protected":false},"author":1,"featured_media":0,"parent":0,"menu_order":0,"comment_status":"open","ping_status":"closed","template":"","meta":[],"_links":{"self":[{"href":"https:\/\/www.ublanger.de\/index.php?rest_route=\/wp\/v2\/pages\/6"}],"collection":[{"href":"https:\/\/www.ublanger.de\/index.php?rest_route=\/wp\/v2\/pages"}],"about":[{"href":"https:\/\/www.ublanger.de\/index.php?rest_route=\/wp\/v2\/types\/page"}],"author":[{"embeddable":true,"href":"https:\/\/www.ublanger.de\/index.php?rest_route=\/wp\/v2\/users\/1"}],"replies":[{"embeddable":true,"href":"https:\/\/www.ublanger.de\/index.php?rest_route=%2Fwp%2Fv2%2Fcomments&post=6"}],"version-history":[{"count":30,"href":"https:\/\/www.ublanger.de\/index.php?rest_route=\/wp\/v2\/pages\/6\/revisions"}],"predecessor-version":[{"id":315,"href":"https:\/\/www.ublanger.de\/index.php?rest_route=\/wp\/v2\/pages\/6\/revisions\/315"}],"wp:attachment":[{"href":"https:\/\/www.ublanger.de\/index.php?rest_route=%2Fwp%2Fv2%2Fmedia&parent=6"}],"curies":[{"name":"wp","href":"https:\/\/api.w.org\/{rel}","templated":true}]}}