{"id":2,"date":"2012-10-26T03:03:44","date_gmt":"2012-10-26T03:03:44","guid":{"rendered":"http:\/\/www.unternehmensberatung-langer.de\/?page_id=2"},"modified":"2013-03-20T18:55:24","modified_gmt":"2013-03-20T16:55:24","slug":"beispiel-seite","status":"publish","type":"page","link":"https:\/\/www.ublanger.de\/","title":{"rendered":"Home"},"content":{"rendered":"<h2 style=\"text-align: left;\" align=\"center\">Unternehmensberatung Langer GmbH<\/h2>\n<h2 style=\"text-align: left;\" align=\"center\">Ihr Erfolg ist unser Ziel<\/h2>\n<p>Unsere Firma ist eine Beratungsgesellschaft f\u00fcr kleine und mittelst\u00e4ndische Unternehmen sowie Existenzgr\u00fcnder f\u00fcr unterschiedlichste Branchen. Wir verf\u00fcgen \u00fcber langj\u00e4hrige Berufserfahrung, Know-how und Expertenwissen, sodass wir qualifizierte Dienstleistung aus einer Hand anbieten k\u00f6nnen.<\/p>\n<p>\u00dcber unsere Gesch\u00e4ftsbereiche informieren wir Sie ausf\u00fchrlich auf dieser Homepage.<\/p>\n<p>&nbsp;<\/p>\n","protected":false},"excerpt":{"rendered":"<p>Unternehmensberatung Langer GmbH Ihr Erfolg ist unser Ziel Unsere Firma ist eine Beratungsgesellschaft f\u00fcr kleine und mittelst\u00e4ndische Unternehmen sowie Existenzgr\u00fcnder f\u00fcr unterschiedlichste Branchen. Wir verf\u00fcgen \u00fcber langj\u00e4hrige Berufserfahrung, Know-how und Expertenwissen, sodass wir qualifizierte Dienstleistung aus einer Hand anbieten k\u00f6nnen. \u00dcber unsere Gesch\u00e4ftsbereiche informieren wir Sie ausf\u00fchrlich auf dieser Homepage. &nbsp;<\/p>\n","protected":false},"author":1,"featured_media":0,"parent":0,"menu_order":0,"comment_status":"open","ping_status":"open","template":"template-home-nivo.php","meta":[],"_links":{"self":[{"href":"https:\/\/www.ublanger.de\/index.php?rest_route=\/wp\/v2\/pages\/2"}],"collection":[{"href":"https:\/\/www.ublanger.de\/index.php?rest_route=\/wp\/v2\/pages"}],"about":[{"href":"https:\/\/www.ublanger.de\/index.php?rest_route=\/wp\/v2\/types\/page"}],"author":[{"embeddable":true,"href":"https:\/\/www.ublanger.de\/index.php?rest_route=\/wp\/v2\/users\/1"}],"replies":[{"embeddable":true,"href":"https:\/\/www.ublanger.de\/index.php?rest_route=%2Fwp%2Fv2%2Fcomments&post=2"}],"version-history":[{"count":13,"href":"https:\/\/www.ublanger.de\/index.php?rest_route=\/wp\/v2\/pages\/2\/revisions"}],"predecessor-version":[{"id":28,"href":"https:\/\/www.ublanger.de\/index.php?rest_route=\/wp\/v2\/pages\/2\/revisions\/28"}],"wp:attachment":[{"href":"https:\/\/www.ublanger.de\/index.php?rest_route=%2Fwp%2Fv2%2Fmedia&parent=2"}],"curies":[{"name":"wp","href":"https:\/\/api.w.org\/{rel}","templated":true}]}}