{"id":169,"date":"2012-11-02T11:40:11","date_gmt":"2012-11-02T09:40:11","guid":{"rendered":"http:\/\/www.unternehmensberatung-langer.de\/?page_id=169"},"modified":"2013-01-07T12:03:54","modified_gmt":"2013-01-07T10:03:54","slug":"finanzierungs-und-fordermittelberatung","status":"publish","type":"page","link":"https:\/\/www.ublanger.de\/?page_id=169","title":{"rendered":"Finanzierungs- und F\u00f6rdermittelberatung"},"content":{"rendered":"<p><strong><\/strong>Jedes Unternehmen ist in seiner Entwicklung von den internen und externen Finanzierungsm\u00f6glichkeiten abh\u00e4ngig. In Zeiten unruhiger Finanzm\u00e4rkte sind Kapitalentscheidungen wichtige Gesichtspunkte unternehmerischer Entwicklung, stecken Grenzen und M\u00f6glichkeiten ab.<\/p>\n<p>Eine wichtige unternehmerische Aufgabe besteht in der Sicherung geeigneter Kapitalquellen f\u00fcr die Realisierung von Ideen und Schaffung zukunftsf\u00e4higer Finanzierungsstrukturen als Grundlage der Unternehmensentwicklung.<\/p>\n<p><strong>\u00a0Unsere Leistungen:<\/strong><\/p>\n<div class=\"checklist\">\n<ul>\n<li>Erstellung von Finanzierungskonzepten zur Investitions- bzw. Betriebs- und Umlaufmittelfinanzierung<\/li>\n<li>Unterst\u00fctzung bei der Beantragung von F\u00f6rdermitteln<\/li>\n<li>Durchf\u00fchrung von Sensitivit\u00e4tsanalysen zu Wachstumspotenzialen<\/li>\n<li>Durchf\u00fchrung von Analysen zur Bewertung der Kunden- und Lieferantenbonit\u00e4t<\/li>\n<li>Mobilisierung von privaten und staatlichen Beteiligungskapital<\/li>\n<li>Durchf\u00fchrung von ratingorientierten Risikoanalysen zur Optimierung der Bonit\u00e4t und Finanzierungskosten.<\/li>\n<\/ul>\n<\/div>\n","protected":false},"excerpt":{"rendered":"<p>Jedes Unternehmen ist in seiner Entwicklung von den internen und externen Finanzierungsm\u00f6glichkeiten abh\u00e4ngig. In Zeiten unruhiger Finanzm\u00e4rkte sind Kapitalentscheidungen wichtige Gesichtspunkte unternehmerischer Entwicklung, stecken Grenzen und M\u00f6glichkeiten ab. Eine wichtige unternehmerische Aufgabe besteht in der Sicherung geeigneter Kapitalquellen f\u00fcr die Realisierung von Ideen und Schaffung zukunftsf\u00e4higer Finanzierungsstrukturen als Grundlage der Unternehmensentwicklung. \u00a0Unsere Leistungen:<\/p>\n","protected":false},"author":1,"featured_media":0,"parent":8,"menu_order":4,"comment_status":"closed","ping_status":"closed","template":"","meta":[],"_links":{"self":[{"href":"https:\/\/www.ublanger.de\/index.php?rest_route=\/wp\/v2\/pages\/169"}],"collection":[{"href":"https:\/\/www.ublanger.de\/index.php?rest_route=\/wp\/v2\/pages"}],"about":[{"href":"https:\/\/www.ublanger.de\/index.php?rest_route=\/wp\/v2\/types\/page"}],"author":[{"embeddable":true,"href":"https:\/\/www.ublanger.de\/index.php?rest_route=\/wp\/v2\/users\/1"}],"replies":[{"embeddable":true,"href":"https:\/\/www.ublanger.de\/index.php?rest_route=%2Fwp%2Fv2%2Fcomments&post=169"}],"version-history":[{"count":3,"href":"https:\/\/www.ublanger.de\/index.php?rest_route=\/wp\/v2\/pages\/169\/revisions"}],"predecessor-version":[{"id":306,"href":"https:\/\/www.ublanger.de\/index.php?rest_route=\/wp\/v2\/pages\/169\/revisions\/306"}],"up":[{"embeddable":true,"href":"https:\/\/www.ublanger.de\/index.php?rest_route=\/wp\/v2\/pages\/8"}],"wp:attachment":[{"href":"https:\/\/www.ublanger.de\/index.php?rest_route=%2Fwp%2Fv2%2Fmedia&parent=169"}],"curies":[{"name":"wp","href":"https:\/\/api.w.org\/{rel}","templated":true}]}}