{"id":167,"date":"2012-11-02T11:39:38","date_gmt":"2012-11-02T09:39:38","guid":{"rendered":"http:\/\/www.unternehmensberatung-langer.de\/?page_id=167"},"modified":"2013-01-07T12:03:43","modified_gmt":"2013-01-07T10:03:43","slug":"marketing-und-vertriebsberatung","status":"publish","type":"page","link":"https:\/\/www.ublanger.de\/?page_id=167","title":{"rendered":"Marketing und Vertriebsberatung"},"content":{"rendered":"<p style=\"text-align: justify;\">Marketing ist nicht identisch mit Werbung. Marketing ist das F\u00fchren des Unternehmens vom Markt her und somit eine Schl\u00fcsselgr\u00f6\u00dfe f\u00fcr den nachhaltigen Erfolg Ihres Unternehmens.<\/p>\n<p style=\"text-align: justify;\">Die Bedeutung des Marketings f\u00fcr den Unternehmenserfolg wird aber von vielen Unternehmern und Unternehmen untersch\u00e4tzt. Wie verschiedene Untersuchungen zeigen, z\u00e4hlt marktfernes Verhalten besonders bei etablierten kleinen und mittleren Unternehmen zu einer der Hauptursachen daf\u00fcr, dass sie in wirtschaftliche Schwierigkeiten und daraus folgend in Insolvenzgefahr geraten. Nach einer Studie des Bundesministeriums f\u00fcr Wirtschaft und Technologie stellt das Marketing f\u00fcr Unternehmensgr\u00fcnder sogar der gewichtigste Problembereich dar, mit dem sie sich in der Gr\u00fcndungs- und Nachgr\u00fcndungsphase konfrontiert sehen.<\/p>\n<p style=\"text-align: justify;\">Weil bei vielen Unternehmensgr\u00fcndern, aber auch bei etablierten Unternehmen ein systematisches Marketing nur in geringem Ma\u00dfe vorhanden ist, werden f\u00fcr das wirtschaftliche Scheitern oftmals unternehmensexterne Ursachen verantwortlich gemacht. Hierbei wird aber in vielen F\u00e4llen \u00fcbersehen, dass vielmehr \u201ehausgemachte Probleme\u201c der Ausl\u00f6ser f\u00fcr den Misserfolg sein k\u00f6nnen.<\/p>\n<p><strong>Wir bieten Ihnen eine umfassende marktbezogene Beratung an, die insbesondere folgende Leistungsgebiete beinhaltet:<\/strong><\/p>\n<div class=\"checklist\">\n<ul>\n<li>Analyse Ihres Unternehmens im Marktumfeld<\/li>\n<li>Festlegung und Definition von Zielen<\/li>\n<li>Analyse von Zielm\u00e4rkten<\/li>\n<li>Entwicklung von Strategien und Zeitpl\u00e4nen<\/li>\n<li>Positionierung Ihres Unternehmens auf dem Markt<\/li>\n<li>Analyse von Mitbewerbern (Konkurrenzanalyse)<\/li>\n<li>Entwicklung von Produkt-, Preis- Liefer- und Marktstrategien<\/li>\n<li>Entwicklung von Organisationsstrukturen und Organisationsprozessen im Marketingbereich<\/li>\n<li>Umsetzung von Marketingstrategien<\/li>\n<li>Koordination externer Auftragnehmer<\/li>\n<li>Nachhaltige Akquise von Neukunden<\/li>\n<li>Erh\u00f6hung von Marktanteilen<\/li>\n<li>Beratung bei Markteintrittsbarrieren<\/li>\n<li>Schaffung und Ausbau des Markterfolgs<\/li>\n<\/ul>\n<\/div>\n","protected":false},"excerpt":{"rendered":"<p>Marketing ist nicht identisch mit Werbung. Marketing ist das F\u00fchren des Unternehmens vom Markt her und somit eine Schl\u00fcsselgr\u00f6\u00dfe f\u00fcr den nachhaltigen Erfolg Ihres Unternehmens. Die Bedeutung des Marketings f\u00fcr den Unternehmenserfolg wird aber von vielen Unternehmern und Unternehmen untersch\u00e4tzt. Wie verschiedene Untersuchungen zeigen, z\u00e4hlt marktfernes Verhalten besonders bei etablierten kleinen und mittleren Unternehmen zu [&hellip;]<\/p>\n","protected":false},"author":1,"featured_media":0,"parent":8,"menu_order":3,"comment_status":"closed","ping_status":"closed","template":"","meta":[],"_links":{"self":[{"href":"https:\/\/www.ublanger.de\/index.php?rest_route=\/wp\/v2\/pages\/167"}],"collection":[{"href":"https:\/\/www.ublanger.de\/index.php?rest_route=\/wp\/v2\/pages"}],"about":[{"href":"https:\/\/www.ublanger.de\/index.php?rest_route=\/wp\/v2\/types\/page"}],"author":[{"embeddable":true,"href":"https:\/\/www.ublanger.de\/index.php?rest_route=\/wp\/v2\/users\/1"}],"replies":[{"embeddable":true,"href":"https:\/\/www.ublanger.de\/index.php?rest_route=%2Fwp%2Fv2%2Fcomments&post=167"}],"version-history":[{"count":3,"href":"https:\/\/www.ublanger.de\/index.php?rest_route=\/wp\/v2\/pages\/167\/revisions"}],"predecessor-version":[{"id":305,"href":"https:\/\/www.ublanger.de\/index.php?rest_route=\/wp\/v2\/pages\/167\/revisions\/305"}],"up":[{"embeddable":true,"href":"https:\/\/www.ublanger.de\/index.php?rest_route=\/wp\/v2\/pages\/8"}],"wp:attachment":[{"href":"https:\/\/www.ublanger.de\/index.php?rest_route=%2Fwp%2Fv2%2Fmedia&parent=167"}],"curies":[{"name":"wp","href":"https:\/\/api.w.org\/{rel}","templated":true}]}}