{"id":165,"date":"2012-11-02T11:39:06","date_gmt":"2012-11-02T09:39:06","guid":{"rendered":"http:\/\/www.unternehmensberatung-langer.de\/?page_id=165"},"modified":"2013-01-07T12:03:34","modified_gmt":"2013-01-07T10:03:34","slug":"strategie-und-wachstumsberatung","status":"publish","type":"page","link":"https:\/\/www.ublanger.de\/?page_id=165","title":{"rendered":"Strategie- und Wachstumsberatung"},"content":{"rendered":"<p><strong><\/strong>Strategische Unternehmensentwicklung ist eine komplexe Aufgabe der Unternehmensf\u00fchrung. Strategisches Denken und Handeln geh\u00f6rt zu den t\u00e4glichen Herausforderungen von Unternehmern. Vorhandene St\u00e4rken zu nutzen und auszubauen ist hierbei ein erfolgversprechender Weg, auf dem wir unsere Kunden unterst\u00fctzen.<\/p>\n<p><strong>\u00a0Unsere Leistungen:<\/strong><\/p>\n<div class=\"checklist\">\n<ul>\n<li>Erarbeitung von Produkt-, Markt- und Regionalstrategien,<\/li>\n<li>Ausgestaltung detaillierter Akquisitionsstrategien und strukturierter Vertriebsprozesse,<\/li>\n<li>Auswahl geeigneter Kooperationspartner sowie Aufbau von Netzwerken,<\/li>\n<li>Durchf\u00fchrung von Prozess- und Strukturoptimierung<\/li>\n<li>Fachliche Begleitung auf Zeit (Interimsmanagement) zur Bew\u00e4ltigung von Ver\u00e4nderungen oder dem Aufbau eigener Kompetenzen<\/li>\n<\/ul>\n<\/div>\n","protected":false},"excerpt":{"rendered":"<p>Strategische Unternehmensentwicklung ist eine komplexe Aufgabe der Unternehmensf\u00fchrung. Strategisches Denken und Handeln geh\u00f6rt zu den t\u00e4glichen Herausforderungen von Unternehmern. Vorhandene St\u00e4rken zu nutzen und auszubauen ist hierbei ein erfolgversprechender Weg, auf dem wir unsere Kunden unterst\u00fctzen. \u00a0Unsere Leistungen:<\/p>\n","protected":false},"author":1,"featured_media":0,"parent":8,"menu_order":2,"comment_status":"closed","ping_status":"closed","template":"","meta":[],"_links":{"self":[{"href":"https:\/\/www.ublanger.de\/index.php?rest_route=\/wp\/v2\/pages\/165"}],"collection":[{"href":"https:\/\/www.ublanger.de\/index.php?rest_route=\/wp\/v2\/pages"}],"about":[{"href":"https:\/\/www.ublanger.de\/index.php?rest_route=\/wp\/v2\/types\/page"}],"author":[{"embeddable":true,"href":"https:\/\/www.ublanger.de\/index.php?rest_route=\/wp\/v2\/users\/1"}],"replies":[{"embeddable":true,"href":"https:\/\/www.ublanger.de\/index.php?rest_route=%2Fwp%2Fv2%2Fcomments&post=165"}],"version-history":[{"count":3,"href":"https:\/\/www.ublanger.de\/index.php?rest_route=\/wp\/v2\/pages\/165\/revisions"}],"predecessor-version":[{"id":304,"href":"https:\/\/www.ublanger.de\/index.php?rest_route=\/wp\/v2\/pages\/165\/revisions\/304"}],"up":[{"embeddable":true,"href":"https:\/\/www.ublanger.de\/index.php?rest_route=\/wp\/v2\/pages\/8"}],"wp:attachment":[{"href":"https:\/\/www.ublanger.de\/index.php?rest_route=%2Fwp%2Fv2%2Fmedia&parent=165"}],"curies":[{"name":"wp","href":"https:\/\/api.w.org\/{rel}","templated":true}]}}